{"id":483,"date":"2021-12-03T09:54:26","date_gmt":"2021-12-03T09:54:26","guid":{"rendered":"http:\/\/beneluxms.pl\/?page_id=483"},"modified":"2021-12-03T10:02:07","modified_gmt":"2021-12-03T10:02:07","slug":"operator-maszyny-praca-zagranica-belgia","status":"publish","type":"page","link":"http:\/\/beneluxms.pl\/?page_id=483","title":{"rendered":"Operator maszyny ( praca zagranic\u0105- Belgia )"},"content":{"rendered":"\t\t<div data-elementor-type=\"wp-page\" data-elementor-id=\"483\" class=\"elementor elementor-483\" data-elementor-settings=\"[]\">\n\t\t\t\t\t\t\t<div class=\"elementor-section-wrap\">\n\t\t\t\t\t\t\t<section class=\"elementor-section elementor-top-section elementor-element elementor-element-c3cb266 elementor-section-boxed elementor-section-height-default elementor-section-height-default\" data-id=\"c3cb266\" data-element_type=\"section\">\n\t\t\t\t\t\t<div class=\"elementor-container elementor-column-gap-default\">\n\t\t\t\t\t<div class=\"elementor-column elementor-col-100 elementor-top-column elementor-element elementor-element-31f901c\" data-id=\"31f901c\" data-element_type=\"column\">\n\t\t\t<div class=\"elementor-widget-wrap elementor-element-populated\">\n\t\t\t\t\t\t\t\t<div class=\"elementor-element elementor-element-37afa18 elementor-widget elementor-widget-heading\" data-id=\"37afa18\" data-element_type=\"widget\" data-widget_type=\"heading.default\">\n\t\t\t\t<div class=\"elementor-widget-container\">\n\t\t\t<h3 class=\"elementor-heading-title elementor-size-default\">Operator maszyny ( praca zagranic\u0105- Belgia )<\/h3>\t\t<\/div>\n\t\t\t\t<\/div>\n\t\t\t\t<div class=\"elementor-element elementor-element-dd5079b elementor-widget elementor-widget-text-editor\" data-id=\"dd5079b\" data-element_type=\"widget\" data-widget_type=\"text-editor.default\">\n\t\t\t\t<div class=\"elementor-widget-container\">\n\t\t\t\t\t\t\t<p><!-- wp:paragraph --><\/p><p><strong>Wymagania:<\/strong><br \/>&#8211; nie wymagamy do\u015bwiadczenia- WYSTARCZY TWOJA CH\u0118\u0106 DO PRACY<br \/>&#8211; podstawowa znajomo\u015b\u0107 j\u0119zyka angielskiego mile widziana<br \/>&#8211; umiej\u0119tno\u015b\u0107 czytania rysunku technicznego b\u0119dzie dodatkowym atutem<\/p><p><strong>Info o pracy:<\/strong><br \/>&#8211; praca na terenie Belgii- Antwerpia<br \/>&#8211; stawka 12 euro na r\u0119k\u0119<br \/>&#8211; polska umowa<br \/>&#8211; praca 5 dni w tygodniu w trybie zmianowym ( 3 zmiany)<br \/>&#8211; praca od zaraz- wyjazd w najbli\u017cszym mo\u017cliwym dla Ciebie czasie<br \/>&#8211; opr\u00f3cz wynagrodzenia ustalonego na podstawie Twojego do\u015bwiadczenia<\/p><p>Oferujemy:<br \/>&#8211; prywatne ubezpieczenie,<br \/>&#8211; zakwaterowanie,<br \/>&#8211; przejazd do pracy,<br \/>&#8211; pierwszy przejazd z Polski do Belgii,<br \/>&#8211; odzie\u017c do pracy i pe\u0142en osprz\u0119t.<\/p><p><!-- \/wp:paragraph --><\/p><p><!-- \/wp:shortcode --><\/p>\t\t\t\t\t\t<\/div>\n\t\t\t\t<\/div>\n\t\t\t\t<div class=\"elementor-element elementor-element-8923dac elementor-widget elementor-widget-heading\" data-id=\"8923dac\" data-element_type=\"widget\" data-widget_type=\"heading.default\">\n\t\t\t\t<div class=\"elementor-widget-container\">\n\t\t\t<h3 class=\"elementor-heading-title elementor-size-default\">Aplikuj teraz!<\/h3>\t\t<\/div>\n\t\t\t\t<\/div>\n\t\t\t\t\t<\/div>\n\t\t<\/div>\n\t\t\t\t\t\t\t<\/div>\n\t\t<\/section>\n\t\t\t\t<section class=\"elementor-section elementor-top-section elementor-element elementor-element-522272c elementor-section-boxed elementor-section-height-default elementor-section-height-default\" data-id=\"522272c\" data-element_type=\"section\">\n\t\t\t\t\t\t<div class=\"elementor-container elementor-column-gap-default\">\n\t\t\t\t\t<div class=\"elementor-column elementor-col-100 elementor-top-column elementor-element elementor-element-145d25f\" data-id=\"145d25f\" data-element_type=\"column\">\n\t\t\t<div class=\"elementor-widget-wrap elementor-element-populated\">\n\t\t\t\t\t\t\t\t<div class=\"elementor-element elementor-element-57b6c22 elementor-widget elementor-widget-shortcode\" data-id=\"57b6c22\" data-element_type=\"widget\" data-widget_type=\"shortcode.default\">\n\t\t\t\t<div class=\"elementor-widget-container\">\n\t\t\t\t\t<div class=\"elementor-shortcode\"><div role=\"form\" class=\"wpcf7\" id=\"wpcf7-f495-o1\" lang=\"pl-PL\" dir=\"ltr\">\n<div class=\"screen-reader-response\"><p role=\"status\" aria-live=\"polite\" aria-atomic=\"true\"><\/p> <ul><\/ul><\/div>\n<form action=\"\/index.php?rest_route=%2Fwp%2Fv2%2Fpages%2F483#wpcf7-f495-o1\" method=\"post\" class=\"wpcf7-form init\" enctype=\"multipart\/form-data\" novalidate=\"novalidate\" data-status=\"init\">\n<div style=\"display: none;\">\n<input type=\"hidden\" name=\"_wpcf7\" value=\"495\" \/>\n<input type=\"hidden\" name=\"_wpcf7_version\" value=\"5.5.2\" \/>\n<input type=\"hidden\" name=\"_wpcf7_locale\" value=\"pl_PL\" \/>\n<input type=\"hidden\" name=\"_wpcf7_unit_tag\" value=\"wpcf7-f495-o1\" \/>\n<input type=\"hidden\" name=\"_wpcf7_container_post\" value=\"0\" \/>\n<input type=\"hidden\" name=\"_wpcf7_posted_data_hash\" value=\"\" \/>\n<\/div>\n<p><label> Twoje imi\u0119 i nazwisko<br \/>\n    <span class=\"wpcf7-form-control-wrap your-name\"><input type=\"text\" name=\"your-name\" value=\"\" size=\"40\" class=\"wpcf7-form-control wpcf7-text wpcf7-validates-as-required\" aria-required=\"true\" aria-invalid=\"false\" \/><\/span> <\/label><\/p>\n<p><label> Tw\u00f3j adres e-mail<br \/>\n    <span class=\"wpcf7-form-control-wrap your-email\"><input type=\"email\" name=\"your-email\" value=\"\" size=\"40\" class=\"wpcf7-form-control wpcf7-text wpcf7-email wpcf7-validates-as-required wpcf7-validates-as-email\" aria-required=\"true\" aria-invalid=\"false\" \/><\/span> <\/label><\/p>\n<p><label> Tw\u00f3j telefon<br \/>\n<span class=\"wpcf7-form-control-wrap tel\"><input type=\"tel\" name=\"tel\" value=\"\" size=\"40\" class=\"wpcf7-form-control wpcf7-text wpcf7-tel wpcf7-validates-as-tel\" aria-invalid=\"false\" \/><\/span> <\/label><\/p>\n<p><label>1. Ile posiada Pan\/ Pani lat do\u015bwiadczenia na wy\u017cej wymienionym stanowisku:( wpisz ilo\u015b\u0107 lat cyfr\u0105 np. 5)<br \/>\n<span class=\"wpcf7-form-control-wrap number-113\"><input type=\"number\" name=\"number-113\" value=\"\" class=\"wpcf7-form-control wpcf7-number wpcf7-validates-as-number\" min=\"1\" max=\"30\" aria-invalid=\"false\" \/><\/span><\/label><\/p>\n<p><label>2. Czy masz do\u015bwiadczenie w przemy\u015ble petrochemicznym?<br \/>\n<span class=\"wpcf7-form-control-wrap checkbox-404\"><span class=\"wpcf7-form-control wpcf7-checkbox wpcf7-exclusive-checkbox\"><span class=\"wpcf7-list-item first\"><label><input type=\"checkbox\" name=\"checkbox-404\" value=\"Tak\" \/><span class=\"wpcf7-list-item-label\">Tak<\/span><\/label><\/span><span class=\"wpcf7-list-item last\"><label><input type=\"checkbox\" name=\"checkbox-404\" value=\"Nie\" \/><span class=\"wpcf7-list-item-label\">Nie<\/span><\/label><\/span><\/span><\/span><\/label><\/p>\n<p><label>2.1 Je\u015bli tak to bardzo prosz\u0119 poda\u0107 ostatnie miejsce, gdzie zdobywa\u0142 Pan\/ Pani do\u015bwiadczenie?<br \/>\n<span class=\"wpcf7-form-control-wrap text-816\"><input type=\"text\" name=\"text-816\" value=\"\" size=\"40\" class=\"wpcf7-form-control wpcf7-text\" aria-invalid=\"false\" \/><\/span><\/label><\/p>\n<p><label>3. Czy posiada Pan\/ Pani prawo jazdy kategorii B?<br \/>\n<span class=\"wpcf7-form-control-wrap checkbox-405\"><span class=\"wpcf7-form-control wpcf7-checkbox wpcf7-exclusive-checkbox\"><span class=\"wpcf7-list-item first\"><label><input type=\"checkbox\" name=\"checkbox-405\" value=\"Tak\" \/><span class=\"wpcf7-list-item-label\">Tak<\/span><\/label><\/span><span class=\"wpcf7-list-item last\"><label><input type=\"checkbox\" name=\"checkbox-405\" value=\"Nie\" \/><span class=\"wpcf7-list-item-label\">Nie<\/span><\/label><\/span><\/span><\/span><\/label><\/p>\n<p><label>4. Czy zna Pani j\u0119zyk angielski?<br \/>\n<span class=\"wpcf7-form-control-wrap checkbox-406\"><span class=\"wpcf7-form-control wpcf7-checkbox wpcf7-exclusive-checkbox\"><span class=\"wpcf7-list-item first\"><label><input type=\"checkbox\" name=\"checkbox-406\" value=\"Tak\" \/><span class=\"wpcf7-list-item-label\">Tak<\/span><\/label><\/span><span class=\"wpcf7-list-item last\"><label><input type=\"checkbox\" name=\"checkbox-406\" value=\"Nie\" \/><span class=\"wpcf7-list-item-label\">Nie<\/span><\/label><\/span><\/span><\/span><\/label><\/p>\n<p><label>4.1. Je\u015bli tak to bardzo prosz\u0119 poda\u0107 poziom znajomo\u015bci:<br \/>\n<span class=\"wpcf7-form-control-wrap checkbox-407\"><span class=\"wpcf7-form-control wpcf7-checkbox wpcf7-exclusive-checkbox\"><span class=\"wpcf7-list-item first\"><label><input type=\"checkbox\" name=\"checkbox-407\" value=\"Podstawowy\" \/><span class=\"wpcf7-list-item-label\">Podstawowy<\/span><\/label><\/span><span class=\"wpcf7-list-item\"><label><input type=\"checkbox\" name=\"checkbox-407\" value=\"\u015aredniozaawansowany\" \/><span class=\"wpcf7-list-item-label\">\u015aredniozaawansowany<\/span><\/label><\/span><span class=\"wpcf7-list-item last\"><label><input type=\"checkbox\" name=\"checkbox-407\" value=\"Zaawansowany\" \/><span class=\"wpcf7-list-item-label\">Zaawansowany<\/span><\/label><\/span><\/span><\/span><\/label><\/p>\n<p><label>5. Czy posiada Pan certyfikat VCA?<br \/>\n<span class=\"wpcf7-form-control-wrap checkbox-408\"><span class=\"wpcf7-form-control wpcf7-checkbox wpcf7-exclusive-checkbox\"><span class=\"wpcf7-list-item first\"><label><input type=\"checkbox\" name=\"checkbox-408\" value=\"Tak\" \/><span class=\"wpcf7-list-item-label\">Tak<\/span><\/label><\/span><span class=\"wpcf7-list-item last\"><label><input type=\"checkbox\" name=\"checkbox-408\" value=\"Nie\" \/><span class=\"wpcf7-list-item-label\">Nie<\/span><\/label><\/span><\/span><\/span><\/label><\/p>\n<p><label>6. Od kiedy m\u00f3g\u0142by Pan\/ Pani rozpocz\u0105\u0107 prac\u0119?<br \/>\n<span class=\"wpcf7-form-control-wrap text-817\"><input type=\"text\" name=\"text-817\" value=\"\" size=\"40\" class=\"wpcf7-form-control wpcf7-text\" aria-invalid=\"false\" \/><\/span><\/label><\/p>\n<p><label>7. Wymagania finansowe: Prosz\u0119 poda\u0107 preferowan\u0105 stawk\u0119 godzinow\u0105 wyra\u017cona w walucie euro<br \/>\n<span class=\"wpcf7-form-control-wrap text-818\"><input type=\"text\" name=\"text-818\" value=\"\" size=\"40\" class=\"wpcf7-form-control wpcf7-text\" aria-invalid=\"false\" \/><\/span><\/label><\/p>\n<p><label>8. Pytanie: Je\u015bli masz pytanie ch\u0119tnie na nie odpowiemy! Wpisz pytanie poni\u017cej, a nasz zesp\u00f3\u0142 niezw\u0142ocznie odpowie na nie:<br \/>\n<span class=\"wpcf7-form-control-wrap text-819\"><input type=\"text\" name=\"text-819\" value=\"\" size=\"40\" class=\"wpcf7-form-control wpcf7-text\" aria-invalid=\"false\" \/><\/span><\/label><\/p>\n<p><label> Za\u0142\u0105cz CV<br \/>\n<span class=\"wpcf7-form-control-wrap cv\"><input type=\"file\" name=\"cv\" size=\"40\" class=\"wpcf7-form-control wpcf7-file wpcf7-validates-as-required\" accept=\".pdf,.doc,.docx\" aria-required=\"true\" aria-invalid=\"false\" \/><\/span> <\/label><\/p>\n<p><input type=\"submit\" value=\"Wy\u015blij\" class=\"wpcf7-form-control has-spinner wpcf7-submit\" \/><\/p>\n<div class=\"wpcf7-response-output\" aria-hidden=\"true\"><\/div><\/form><\/div><\/div>\n\t\t\t\t<\/div>\n\t\t\t\t<\/div>\n\t\t\t\t\t<\/div>\n\t\t<\/div>\n\t\t\t\t\t\t\t<\/div>\n\t\t<\/section>\n\t\t\t\t\t\t<\/div>\n\t\t\t\t\t<\/div>\n\t\t","protected":false},"excerpt":{"rendered":"<p>Operator maszyny ( praca zagranic\u0105- Belgia ) Wymagania:&#8211; nie wymagamy do\u015bwiadczenia- WYSTARCZY TWOJA CH\u0118\u0106 DO PRACY&#8211; podstawowa znajomo\u015b\u0107 j\u0119zyka angielskiego mile widziana&#8211; umiej\u0119tno\u015b\u0107 czytania rysunku technicznego b\u0119dzie dodatkowym atutem Info o pracy:&#8211; praca na terenie Belgii- Antwerpia&#8211; stawka 12 euro na r\u0119k\u0119&#8211; polska umowa&#8211; praca 5 dni w tygodniu w trybie zmianowym ( 3 zmiany)&#8211;&hellip; <a class=\"more-link\" href=\"http:\/\/beneluxms.pl\/?page_id=483\">Czytaj dalej <span class=\"screen-reader-text\">Operator maszyny ( praca zagranic\u0105- Belgia )<\/span><\/a><\/p>\n","protected":false},"author":1,"featured_media":0,"parent":0,"menu_order":0,"comment_status":"closed","ping_status":"closed","template":"elementor_header_footer","meta":{"_editorskit_title_hidden":false,"_editorskit_reading_time":0,"_editorskit_typography_data":[],"_editorskit_blocks_typography":"","_editorskit_is_block_options_detached":false,"_editorskit_block_options_position":"{}","footnotes":""},"class_list":["post-483","page","type-page","status-publish","hentry","entry"],"_links":{"self":[{"href":"http:\/\/beneluxms.pl\/index.php?rest_route=\/wp\/v2\/pages\/483","targetHints":{"allow":["GET"]}}],"collection":[{"href":"http:\/\/beneluxms.pl\/index.php?rest_route=\/wp\/v2\/pages"}],"about":[{"href":"http:\/\/beneluxms.pl\/index.php?rest_route=\/wp\/v2\/types\/page"}],"author":[{"embeddable":true,"href":"http:\/\/beneluxms.pl\/index.php?rest_route=\/wp\/v2\/users\/1"}],"replies":[{"embeddable":true,"href":"http:\/\/beneluxms.pl\/index.php?rest_route=%2Fwp%2Fv2%2Fcomments&post=483"}],"version-history":[{"count":7,"href":"http:\/\/beneluxms.pl\/index.php?rest_route=\/wp\/v2\/pages\/483\/revisions"}],"predecessor-version":[{"id":509,"href":"http:\/\/beneluxms.pl\/index.php?rest_route=\/wp\/v2\/pages\/483\/revisions\/509"}],"wp:attachment":[{"href":"http:\/\/beneluxms.pl\/index.php?rest_route=%2Fwp%2Fv2%2Fmedia&parent=483"}],"curies":[{"name":"wp","href":"https:\/\/api.w.org\/{rel}","templated":true}]}}